{"id":212,"date":"2017-09-21T16:48:27","date_gmt":"2017-09-21T14:48:27","guid":{"rendered":"http:\/\/wpoffice\/enfold-split\/?page_id=212"},"modified":"2024-01-11T08:18:07","modified_gmt":"2024-01-11T08:18:07","slug":"home","status":"publish","type":"page","link":"https:\/\/electricmovie.hu\/","title":{"rendered":"Home"},"content":{"rendered":"<\/div><\/div><\/div><!-- close content main div --><\/div><\/div><div id='welcome' class='av-layout-grid-container entry-content-wrapper main_color av-flex-cells    av-cell-min-height av-cell-min-height-100 container_wrap fullsize'   >\n<div class=\"flex_cell no_margin av_one_half   avia-full-stretch \" style='background:url(https:\/\/electricmovie.hu\/wp-content\/uploads\/2020\/09\/a-845x667.jpg) center center no-repeat scroll; vertical-align:middle; padding:200px 0px 200px 0px ; '><div class='flex_cell_inner' ><\/div><\/div><div class=\"flex_cell no_margin av_one_half   avia-full-stretch \" style='background:url(https:\/\/electricmovie.hu\/wp-content\/uploads\/2017\/09\/bg.jpg) center center no-repeat scroll #599cd3; vertical-align:middle; padding:100px; background-color:#599cd3; '><div class='flex_cell_inner' ><p><div style='padding-bottom:0px; color:#599cd3;font-size:60px;' class='av-special-heading av-special-heading-h1 custom-color-heading blockquote modern-quote modern-centered   av-inherit-size '><h1 class='av-special-heading-tag '  itemprop=\"headline\"  >\u00dcdv\u00f6z\u00f6lj\u00fck az Electric Movie Kft. weboldal\u00e1n!<\/h1><div class='special-heading-border'><div class='special-heading-inner-border' style='border-color:#599cd3'><\/div><\/div><\/div><br \/>\n<div class=\"flex_column av_one_full  flex_column_div first  \" style='padding:20px; border-radius:0px; '><div class='avia-image-container  av-styling-    avia-align-center '  itemprop=\"ImageObject\" itemscope=\"itemscope\" itemtype=\"https:\/\/schema.org\/ImageObject\"  ><div class='avia-image-container-inner'><div class='avia-image-overlay-wrap'><img class='avia_image ' src='https:\/\/electricmovie.hu\/wp-content\/uploads\/2020\/07\/electricmoviekft-molin\u00f3-300x136.jpg' alt='' title='electricmoviekft molin\u00f3' height=\"136\"width=\"300\"  itemprop=\"thumbnailUrl\"  \/><\/div><\/div><\/div><\/div><div style=' margin-top:30px; margin-bottom:30px;'  class='hr hr-custom hr-left hr-icon-no  '><span class='hr-inner   inner-border-av-border-fat' style=' width:50px; border-color:#0a0a0a;' ><span class='hr-inner-style'><\/span><\/span><\/div><br \/>\n<section class=\"av_textblock_section \"  itemscope=\"itemscope\" itemtype=\"https:\/\/schema.org\/CreativeWork\" ><div class='avia_textblock  av_inherit_color '  style='font-size:25px; color:#000000; '  itemprop=\"text\" ><p>C\u00e9g\u00fcnk az Electric Movie Kft.\u00a02015 \u00f3ta f\u0151 profilja az elektromos \u00e1rammal kapcsolatos teljesk\u00f6r\u0171 \u00fcgyint\u00e9z\u00e9s, adminisztr\u00e1ci\u00f3, elektromos rendszerek ki\u00e9p\u00edt\u00e9se, filmforgat\u00e1sokhoz \u00e9s d\u00edszletekhez elektromos \u00e1ram biztos\u00edt\u00e1sa, valamint \u00e1ramfejleszt\u0151 aggreg\u00e1torok \u00e9s forgat\u00e1shoz sz\u00fcks\u00e9ges kiseg\u00edt\u0151 kell\u00e9kek, eszk\u00f6z\u00f6k b\u00e9rbead\u00e1sa. Folyamatosan b\u0151v\u00fcl\u0151 c\u00e9g\u00fcnket 20 \u00e9ves szakmai tapasztalattal rendelkez\u0151 munkat\u00e1rsaink seg\u00edtik.<\/p>\n<\/div><\/section><br \/>\n<div style='height:10px' class='hr hr-invisible  '><span class='hr-inner ' ><span class='hr-inner-style'><\/span><\/span><\/div><\/p>\n<\/div><\/div>\n<\/div>\n<\/div><\/div><\/div><!-- close content main div --><\/div><\/div><div id='recent' class='av-layout-grid-container entry-content-wrapper main_color av-flex-cells    av-cell-min-height av-cell-min-height-100 container_wrap fullsize'   >\n<div class=\"flex_cell no_margin av_one_half   avia-full-contain \" style='vertical-align:middle; padding:100px; background-color:#d3c3bc; '><div class='flex_cell_inner' ><p><div style='padding-bottom:0px; color:#ffffff;font-size:60px;' class='av-special-heading av-special-heading-h1 custom-color-heading blockquote modern-quote modern-centered   av-inherit-size '><h1 class='av-special-heading-tag '  itemprop=\"headline\"  >Projektjeink:<\/h1><div class='special-heading-border'><div class='special-heading-inner-border' style='border-color:#ffffff'><\/div><\/div><\/div><br \/>\n<div style=' margin-top:30px; margin-bottom:30px;'  class='hr hr-custom hr-center hr-icon-no  '><span class='hr-inner   inner-border-av-border-fat' style=' width:50px; border-color:#ffffff;' ><span class='hr-inner-style'><\/span><\/span><\/div><br \/>\n<section class=\"av_textblock_section \"  itemscope=\"itemscope\" itemtype=\"https:\/\/schema.org\/CreativeWork\" ><div class='avia_textblock  av_inherit_color '  style='color:#ffffff; '  itemprop=\"text\" ><p style=\"text-align: left;\">C\u00e9g\u00fcnk sz\u00e1mos magyar \u00e9s k\u00fclf\u00f6ldi filmes produkci\u00f3hoz ny\u00fajtott seg\u00edts\u00e9get a k\u00e9sz\u00edt\u0151knek.<\/p>\n<p>P\u00e1r \u00e9rdekes munk\u00e1nk az utobbi id\u0151b\u0151l:<\/p>\n<p>Magyar filmek:<br \/>\n&#8211; A mi kis falunk (2017,2018,2019,2020,2021,<wbr \/>2022)<br \/>\n&#8211; Keresztanyu<br \/>\n&#8211; Dr\u00e1ga \u00f6r\u00f6k\u00f6s\u00f6k<br \/>\n&#8211; J\u00f3fi\u00fak (2019)<br \/>\n&#8211; B\u00f6d\u00f6r\u00e9k(2020)<br \/>\n&#8211; G\u00f3lkir\u00e1lys\u00e1g(2021)<br \/>\n&#8211; A kir\u00e1ly (2022)<\/p>\n<p>K\u00fclf\u00f6ldi filmek:<br \/>\n&#8211; Treadstone<br \/>\n&#8211; Strike Back<br \/>\n&#8211; Genius, Termin\u00e1tor<\/p>\n<div><\/div>\n<div><\/div>\n<div><\/div>\n<div>\u00c9p\u00edtkez\u00e9sek:<\/div>\n<div><\/div>\n<div><\/div>\n<div><\/div>\n<div>&#8211; Levendula lak\u00f3park<br \/>\n&#8211; XIII.ker\u00fclet Kass\u00e1k Lajos utcai \u00e9p\u00edtkez\u00e9s<br \/>\n&#8211; T\u00f6r\u00f6kb\u00e1lint \u00e9p\u00edtkez\u00e9s.<\/div>\n<div><\/div>\n<\/div><\/section><br \/>\n<div style='height:10px' class='hr hr-invisible  '><span class='hr-inner ' ><span class='hr-inner-style'><\/span><\/span><\/div><\/p>\n<\/div><\/div><div class=\"flex_cell no_margin av_one_half   av-hide-on-mobile  \" style='background:url(https:\/\/electricmovie.hu\/wp-content\/uploads\/2020\/09\/1024px-Filmcrew.jpg) center right repeat-x fixed; vertical-align:middle; padding:100px; '><div class='flex_cell_inner' ><\/div><\/div>\n<\/div>\n<\/div><\/div><\/div><!-- close content main div --><\/div><\/div><div id='services' class='av-layout-grid-container entry-content-wrapper main_color av-flex-cells    av-cell-min-height av-cell-min-height-100 container_wrap fullsize'   >\n<div class=\"flex_cell no_margin av_one_half   avia-full-stretch av-hide-on-mobile  \" style='background:url(https:\/\/electricmovie.hu\/wp-content\/uploads\/2020\/09\/FilmsetStrom04-1279x800-1.png) center center no-repeat fixed; vertical-align:middle; padding:100px; '><div class='flex_cell_inner' ><\/div><\/div><div class=\"flex_cell no_margin av_one_half   avia-full-contain \" style='vertical-align:middle; padding:100px; '><div class='flex_cell_inner' ><p><div style='padding-bottom:0px; color:#c3aca1;font-size:60px;' class='av-special-heading av-special-heading-h1 custom-color-heading blockquote modern-quote modern-centered   av-inherit-size '><h1 class='av-special-heading-tag '  itemprop=\"headline\"  >Szolg\u00e1ltat\u00e1saink<\/h1><div class='special-heading-border'><div class='special-heading-inner-border' style='border-color:#c3aca1'><\/div><\/div><\/div><br \/>\n<div style=' margin-top:30px; margin-bottom:30px;'  class='hr hr-custom hr-center hr-icon-no  '><span class='hr-inner   inner-border-av-border-fat' style=' width:50px; border-color:#c3aca1;' ><span class='hr-inner-style'><\/span><\/span><\/div><br \/>\n<div style='height:60px' class='hr hr-invisible  '><span class='hr-inner ' ><span class='hr-inner-style'><\/span><\/span><\/div><br \/>\n<div class=\"flex_column av_one_half  flex_column_div av-zero-column-padding first  \" style='border-radius:0px; '><p><span class=\"av_font_icon avia_animate_when_visible  av-icon-style-  avia-icon-pos-center \" style=\"color:#c3aca1; border-color:#c3aca1;\"><span class='av-icon-char' style='font-size:60px;line-height:60px;' aria-hidden='true' data-av_icon='\ue8b4' data-av_iconfont='entypo-fontello' ><\/span><\/span><br \/>\n<div style='height:20px' class='hr hr-invisible  '><span class='hr-inner ' ><span class='hr-inner-style'><\/span><\/span><\/div><br \/>\n<section class=\"av_textblock_section \"  itemscope=\"itemscope\" itemtype=\"https:\/\/schema.org\/CreativeWork\" ><div class='avia_textblock  av_inherit_color '  style='color:#c3aca1; '  itemprop=\"text\" ><p><strong>Elektromos szolg\u00e1ltat\u00e1sok:<\/strong><\/p>\n<ul>\n<li>Elm\u0171, Eon, MVM NEXT teljes k\u00f6r\u0171 \u00fcgyint\u00e9z\u00e9s<\/li>\n<li>\u00c1ram korszer\u0171s\u00edt\u00e9se<\/li>\n<li>Teljes\u00edtm\u00e9nyek n\u00f6vel\u00e9se<\/li>\n<li>H\u00e1l\u00f3zat ki\u00e9p\u00edt\u00e9s, szabv\u00e1nyos\u00edt\u00e1s<\/li>\n<li>p\u00f3t villanyszerel\u00e9si munk\u00e1k<\/li>\n<\/ul>\n<p style=\"text-align: center;\">C\u00e9geknek \u00e9s Mag\u00e1nszem\u00e9lyeknek egyar\u00e1nt<\/p>\n<\/div><\/section><br \/>\n<div style=' margin-top:40px; margin-bottom:0px;'  class='hr hr-custom hr-center hr-icon-no  av-small-hide av-mini-hide '><span class='hr-inner   inner-border-av-border-fat' style=' width:50px; border-color:#c3aca1;' ><span class='hr-inner-style'><\/span><\/span><\/div><\/p><\/div><div class=\"flex_column av_one_half  flex_column_div av-zero-column-padding   \" style='border-radius:0px; '><p><span class=\"av_font_icon avia_animate_when_visible  av-icon-style-  avia-icon-pos-center \" style=\"color:#c3aca1; border-color:#c3aca1;\"><span class='av-icon-char' style='font-size:60px;line-height:60px;' aria-hidden='true' data-av_icon='\ue864' data-av_iconfont='entypo-fontello' ><\/span><\/span><br \/>\n<div style='height:20px' class='hr hr-invisible  '><span class='hr-inner ' ><span class='hr-inner-style'><\/span><\/span><\/div><br \/>\n<section class=\"av_textblock_section \"  itemscope=\"itemscope\" itemtype=\"https:\/\/schema.org\/CreativeWork\" ><div class='avia_textblock  av_inherit_color '  style='color:#c3aca1; '  itemprop=\"text\" ><p><strong>Filmforgat\u00e1shoz:<\/strong><\/p>\n<ul>\n<li>UNIT szolg\u00e1ltat\u00e1s<\/li>\n<li>Elm\u0171, Eon, NKM teljesk\u00f6r\u0171 \u00fcgyint\u00e9z\u00e9ssel<\/li>\n<li>Forgat\u00e1si d\u00edszletek ben \u00e1ramell\u00e1t\u00e1s<\/li>\n<li>l\u00e1mpatestek szerel\u00e9se a d\u00edszletek megval\u00f3s\u00edt\u00e1s\u00e1hoz.<\/li>\n<\/ul>\n<\/div><\/section><br \/>\n<div style=' margin-top:40px; margin-bottom:0px;'  class='hr hr-custom hr-center hr-icon-no  av-small-hide av-mini-hide '><span class='hr-inner   inner-border-av-border-fat' style=' width:50px; border-color:#c3aca1;' ><span class='hr-inner-style'><\/span><\/span><\/div><\/p><\/div><div class=\"flex_column av_one_half  flex_column_div av-zero-column-padding first  \" style='border-radius:0px; '><p><span class=\"av_font_icon avia_animate_when_visible  av-icon-style-  avia-icon-pos-center \" style=\"color:#c3aca1; border-color:#c3aca1;\"><span class='av-icon-char' style='font-size:60px;line-height:60px;' aria-hidden='true' data-av_icon='\ue856' data-av_iconfont='entypo-fontello' ><\/span><\/span><br \/>\n<div style='height:20px' class='hr hr-invisible  '><span class='hr-inner ' ><span class='hr-inner-style'><\/span><\/span><\/div><br \/>\n<section class=\"av_textblock_section \"  itemscope=\"itemscope\" itemtype=\"https:\/\/schema.org\/CreativeWork\" ><div class='avia_textblock  av_inherit_color '  style='color:#c3aca1; '  itemprop=\"text\" ><p><strong>\u00c9p\u00edtkez\u00e9sekhez:<\/strong><\/p>\n<ul>\n<li>Elm\u0171, Eon \u00fcgyint\u00e9z\u00e9s<\/li>\n<li>\u00c1ram korszer\u0171s\u00edt\u00e9se<\/li>\n<li>Teljes\u00edtm\u00e9nyek n\u00f6vel\u00e9se<\/li>\n<li>H\u00e1l\u00f3zat ki\u00e9p\u00edt\u00e9s, szabv\u00e1nyos\u00edt\u00e1s<\/li>\n<li>p\u00f3t villanyszerel\u00e9si munk\u00e1k<\/li>\n<\/ul>\n<p style=\"text-align: center;\">C\u00e9geknek \u00e9s Mag\u00e1nszem\u00e9lyeknek egyar\u00e1nt<\/p>\n<\/div><\/section><\/p><\/div><div class=\"flex_column av_one_half  flex_column_div av-zero-column-padding   \" style='border-radius:0px; '><p><span class=\"av_font_icon avia_animate_when_visible  av-icon-style-  avia-icon-pos-center \" style=\"color:#c3aca1; border-color:#c3aca1;\"><span class='av-icon-char' style='font-size:60px;line-height:60px;' aria-hidden='true' data-av_icon='\ue856' data-av_iconfont='entypo-fontello' ><\/span><\/span><br \/>\n<div style='height:20px' class='hr hr-invisible  '><span class='hr-inner ' ><span class='hr-inner-style'><\/span><\/span><\/div><br \/>\n<section class=\"av_textblock_section \"  itemscope=\"itemscope\" itemtype=\"https:\/\/schema.org\/CreativeWork\" ><div class='avia_textblock  av_inherit_color '  style='color:#c3aca1; '  itemprop=\"text\" ><h4 style=\"text-align: center;\">G\u00e9pj\u00e1rm\u0171 jav\u00edt\u00e1s<\/h4>\n<\/div><\/section><\/p><\/div><\/p>\n<\/div><\/div>\n<\/div>\n<\/div><\/div><\/div><!-- close content main div --><\/div><\/div><div id='rent' class='av-layout-grid-container entry-content-wrapper main_color av-flex-cells    container_wrap fullsize'   >\n<div class=\"flex_cell no_margin av_one_half   \" style='background:url(https:\/\/electricmovie.hu\/wp-content\/uploads\/2020\/10\/QES-85.jpg) top left no-repeat fixed; vertical-align:middle; padding:30px; '><div class='flex_cell_inner' ><\/div><\/div><div class=\"flex_cell no_margin av_one_half   \" ><div class='flex_cell_inner' ><p><div class='avia-icon-list-container  '><ul class='avia-icon-list avia-icon-list-left av-iconlist-big avia_animate_when_almost_visible'>\n<li><div  class='iconlist_icon  avia-font-entypo-fontello'><span class='iconlist-char ' aria-hidden='true' data-av_icon='\ue839' data-av_iconfont='entypo-fontello'><\/span><\/div><article class=\"article-icon-entry av-iconlist-empty\"  itemscope=\"itemscope\" itemtype=\"https:\/\/schema.org\/CreativeWork\" ><div class='iconlist_content_wrap'><header class=\"entry-content-header\"><h4 class='av_iconlist_title iconlist_title  '  itemprop=\"headline\"  >B\u00e9relhet\u0151 g\u00e9pek:<\/h4><\/header><div class='iconlist_content  '  itemprop=\"text\"  ><\/div><\/div><footer class=\"entry-footer\"><\/footer><\/article><div class='iconlist-timeline'><\/div><\/li>\n<\/ul><\/div><br \/>\n<section class=\"av_textblock_section \"  itemscope=\"itemscope\" itemtype=\"https:\/\/schema.org\/CreativeWork\" ><div class='avia_textblock  '   itemprop=\"text\" ><h2>Oll\u00f3s szem\u00e9lyemel\u0151 12m ;14m (elektromos hajt\u00e1s\u00fa)<\/h2>\n<h2><span style=\"color: #000000;\">Iroda busz<\/span><\/h2>\n<h2><span style=\"color: #000000;\">Smink busz\u00a0<\/span><\/h2>\n<h2><span style=\"color: #000000;\">WC busz<\/span><\/h2>\n<h2><span style=\"color: #000000;\">7,5 tonn\u00e1s teheraut\u00f3<\/span><\/h2>\n<h2><span style=\"color: #000000;\">12 tonn\u00e1s teheraut\u00f3<\/span><\/h2>\n<h2><span style=\"color: #000000;\">9 f\u0151s kisbusz<\/span><\/h2>\n<h2><span style=\"color: #000000;\">Pick up<\/span><\/h2>\n<h2><strong>C<\/strong><strong>heri -Picker:<\/strong><strong>\u00a0 \u00a0 \u00a0 \u00a0 \u00a0 \u00a0 \u00a0 \u00a0 \u00a0 <\/strong><\/h2>\n<h2><strong>\u00a0 \u00a0 \u00a0 \u00a0 \u00a0 \u00a0 \u00a0 \u00a0 \u00a0 \u00a0<\/strong><strong>-21\/10 kosaras aut\u00f3\u00a0<\/strong><\/h2>\n<h2><strong>Aggreg\u00e1torok:<\/strong><\/h2>\n<h2><strong>\u00a0\u00a0\u00a0\u00a0\u00a0\u00a0\u00a0\u00a0 \u00a0\u00a0\u00a0\u00a0\u00a0\u00a0\u00a0\u00a0\u00a0\u00a0-16KW Aggreg\u00e1tor<\/strong><\/h2>\n<h2><strong>\u00a0\u00a0\u00a0\u00a0\u00a0\u00a0\u00a0\u00a0\u00a0\u00a0\u00a0\u00a0\u00a0\u00a0\u00a0\u00a0\u00a0\u00a0 -45KW Aggreg\u00e1tor<\/strong><\/h2>\n<h2><strong>\u00a0\u00a0\u00a0\u00a0\u00a0\u00a0\u00a0\u00a0\u00a0\u00a0\u00a0\u00a0\u00a0\u00a0\u00a0\u00a0\u00a0\u00a0 -90KW Aggreg\u00e1tor<\/strong><\/h2>\n<h2><strong>\u00a0\u00a0\u00a0\u00a0\u00a0\u00a0\u00a0\u00a0\u00a0\u00a0\u00a0\u00a0\u00a0\u00a0\u00a0\u00a0\u00a0\u00a0 -110KW Aggreg\u00e1tor<\/strong><\/h2>\n<h2><strong>\u00a0\u00a0\u00a0\u00a0\u00a0\u00a0\u00a0\u00a0\u00a0\u00a0\u00a0\u00a0\u00a0\u00a0\u00a0\u00a0\u00a0\u00a0 -120KW Aggreg\u00e1tor<\/strong><\/h2>\n<h2><strong>\u00a0\u00a0\u00a0\u00a0\u00a0\u00a0\u00a0\u00a0\u00a0\u00a0\u00a0\u00a0\u00a0\u00a0\u00a0\u00a0\u00a0\u00a0 -140KW Aggreg\u00e1tor<\/strong><\/h2>\n<h2><strong>\u00a0\u00a0\u00a0\u00a0\u00a0\u00a0\u00a0\u00a0\u00a0\u00a0\u00a0\u00a0\u00a0\u00a0\u00a0\u00a0\u00a0\u00a0 -160KW Aggreg\u00e1tor\u00a0<\/strong><\/h2>\n<h2><strong>\u00a0\u00a0\u00a0\u00a0\u00a0\u00a0\u00a0\u00a0\u00a0\u00a0\u00a0\u00a0\u00a0\u00a0\u00a0\u00a0\u00a0\u00a0 -250KW Aggreg\u00e1tor\u00a0<\/strong><\/h2>\n<\/div><\/section><\/p>\n<\/div><\/div>\n<\/div>\n<\/div><\/div><\/div><!-- close content main div --><\/div><\/div><div id='contact' class='av-layout-grid-container entry-content-wrapper main_color av-flex-cells    av-cell-min-height av-cell-min-height-100 container_wrap fullsize'   >\n<div class=\"flex_cell no_margin av_one_half   avia-full-stretch av-hide-on-mobile  \" style='background:url(https:\/\/electricmovie.hu\/wp-content\/uploads\/2017\/09\/tochscreen.jpg) center center no-repeat fixed; vertical-align:middle; padding:100px; '><div class='flex_cell_inner' ><\/div><\/div><div class=\"flex_cell no_margin av_one_half   avia-full-contain \" style='vertical-align:middle; padding:100px; background-color:#85a7ca; '><div class='flex_cell_inner' ><p><div style='padding-bottom:0px; color:#ffffff;font-size:60px;' class='av-special-heading av-special-heading-h1 custom-color-heading blockquote modern-quote   av-inherit-size '><h1 class='av-special-heading-tag '  itemprop=\"headline\"  >Vegye fel vel\u00fcnk a kapcsolatot<\/h1><div class='special-heading-border'><div class='special-heading-inner-border' style='border-color:#ffffff'><\/div><\/div><\/div><br \/>\n<div style=' margin-top:30px; margin-bottom:30px;'  class='hr hr-custom hr-left hr-icon-no  '><span class='hr-inner   inner-border-av-border-fat' style=' width:50px; border-color:#ffffff;' ><span class='hr-inner-style'><\/span><\/span><\/div><br \/>\n<div class=\"flex_column av_one_full  flex_column_div av-zero-column-padding first  \" style='border-radius:0px; '><section class=\"av_textblock_section \"  itemscope=\"itemscope\" itemtype=\"https:\/\/schema.org\/CreativeWork\" ><div class='avia_textblock  av_inherit_color '  style='color:#ffffff; '  itemprop=\"text\" ><h2>C\u00edm\u00fcnk<\/h2>\n<ul>\n<li>Sz\u00e9khely: 2049 Di\u00f3sd Hatty\u00fa u.27.<\/li>\n<li>Telephely: 2030 \u00c9rd Piroska u. 6.<\/li>\n<\/ul>\n<h2><\/h2>\n<\/div><\/section><br \/>\n<section class=\"av_textblock_section \"  itemscope=\"itemscope\" itemtype=\"https:\/\/schema.org\/CreativeWork\" ><div class='avia_textblock  av_inherit_color '  style='color:#ffffff; '  itemprop=\"text\" ><h2><span style=\"font-size: 16px;\">K\u00f6zponti e-mail: electricmoviekft@gmail.com<\/span><\/h2>\n<p>Bekapcsol\u00e1sok, E.on \u00fcgyint\u00e9z\u00e9s, villanyszerel\u00e9s:<br \/>\n<strong>Klus\u00f3czki Ren\u00e1ta<\/strong><br \/>\nTel:06-30\/320-4962<\/p>\n<p>Unit, Aggreg\u00e1tor \u00e9s teheraut\u00f3 b\u00e9rl\u00e9s:<br \/>\n<strong>Horv\u00e1th Alexandra<\/strong><br \/>\nTel.:06-20\/501-6830<\/p>\n<p>\u00dcgyvezet\u0151:<br \/>\n<strong>Kiss Barnab\u00e1s<\/strong><br \/>\nTel.:06-30\/526-2642<\/p>\n<h2><\/h2>\n<\/div><\/section><\/p><\/div><\/p>\n<\/div><\/div><\/div><form action=\"https:\/\/electricmovie.hu\/\" method=\"post\"  class=\"avia_ajax_form av-form-labels-hidden   av-custom-form-color av-light-form \" data-avia-form-id=\"1\" data-avia-redirect=''><fieldset><h3>K\u00fcldj\u00f6n nek\u00fcnk \u00fczenetet!<\/h3><p class=' first_form  form_element form_fullwidth' id='element_avia_1_1'> <input name=\"avia_1_1\" class=\"text_input is_empty\" type=\"text\" id=\"avia_1_1\" value=\"\"  placeholder='N\u00e9v*'\/><\/p><p class=' first_form  form_element form_fullwidth' id='element_avia_2_1'> <input name=\"avia_2_1\" class=\"text_input is_email\" type=\"text\" id=\"avia_2_1\" value=\"\"  placeholder='E-Mail*'\/><\/p><p class=' first_form  form_element form_fullwidth' id='element_avia_3_1'> <input name=\"avia_3_1\" class=\"text_input is_empty\" type=\"text\" id=\"avia_3_1\" value=\"\"  placeholder='T\u00e1rgy*'\/><\/p><p class=' first_form  form_element form_fullwidth av-last-visible-form-element' id='element_avia_4_1'>\t <textarea  placeholder='\u00dczenet*' name=\"avia_4_1\" class=\"text_area is_empty\" cols=\"40\" rows=\"7\" id=\"avia_4_1\" ><\/textarea><\/p><p class=\"hidden\"><input type=\"text\" name=\"avia_5_1\" class=\"hidden \" id=\"avia_5_1\" value=\"\" \/><\/p><p class=\"form_element \"><input type=\"hidden\" value=\"1\" name=\"avia_generated_form1\" \/><input type=\"submit\" value=\"K\u00fcld\u00e9s\" class=\"button\"  data-sending-label=\"K\u00fcld\u00e9s\"\/><\/p><\/fieldset><\/form><div id=\"ajaxresponse_1\" class=\"ajaxresponse ajaxresponse_1 hidden\"><\/div><\/p>\n","protected":false},"excerpt":{"rendered":"","protected":false},"author":1,"featured_media":0,"parent":0,"menu_order":0,"comment_status":"closed","ping_status":"closed","template":"","meta":{"footnotes":""},"class_list":["post-212","page","type-page","status-publish","hentry"],"_links":{"self":[{"href":"https:\/\/electricmovie.hu\/index.php?rest_route=\/wp\/v2\/pages\/212","targetHints":{"allow":["GET"]}}],"collection":[{"href":"https:\/\/electricmovie.hu\/index.php?rest_route=\/wp\/v2\/pages"}],"about":[{"href":"https:\/\/electricmovie.hu\/index.php?rest_route=\/wp\/v2\/types\/page"}],"author":[{"embeddable":true,"href":"https:\/\/electricmovie.hu\/index.php?rest_route=\/wp\/v2\/users\/1"}],"replies":[{"embeddable":true,"href":"https:\/\/electricmovie.hu\/index.php?rest_route=%2Fwp%2Fv2%2Fcomments&post=212"}],"version-history":[{"count":52,"href":"https:\/\/electricmovie.hu\/index.php?rest_route=\/wp\/v2\/pages\/212\/revisions"}],"predecessor-version":[{"id":323,"href":"https:\/\/electricmovie.hu\/index.php?rest_route=\/wp\/v2\/pages\/212\/revisions\/323"}],"wp:attachment":[{"href":"https:\/\/electricmovie.hu\/index.php?rest_route=%2Fwp%2Fv2%2Fmedia&parent=212"}],"curies":[{"name":"wp","href":"https:\/\/api.w.org\/{rel}","templated":true}]}}